{"id":1518,"date":"2017-08-22T15:19:18","date_gmt":"2017-08-22T15:19:18","guid":{"rendered":"http:\/\/seguridadvial.neuquen.gov.ar\/?page_id=1518"},"modified":"2021-04-29T14:14:48","modified_gmt":"2021-04-29T14:14:48","slug":"pagina-de-inicio","status":"publish","type":"page","link":"https:\/\/seguridadvial.neuquen.gov.ar\/","title":{"rendered":"P\u00e1gina de inicio"},"content":{"rendered":"<div id=\"pl-1518\"  class=\"panel-layout\" ><div id=\"pg-1518-0\"  class=\"panel-grid panel-no-style\" ><div id=\"pgc-1518-0-0\"  class=\"panel-grid-cell\" ><div id=\"panel-1518-0-0-0\" class=\"so-panel widget widget_headline-widget panel-first-child panel-last-child\" data-index=\"0\" >\t\t<h1>Funciones<\/h1>\n\t\t<div class=\"decoration\"><div class=\"decoration-inside\"><\/div><\/div>\n\t\t<h3> Coordinar, impulsar y fiscalizar la implementaci\u00f3n de las pol\u00edticas y medidas estrat\u00e9gicas para en desarrollo de un tr\u00e1nsito seguro en todo el territorio de la Provincia del Neuqu\u00e9n.<\/h3>\n\t\t<\/div><\/div><\/div><div id=\"pg-1518-1\"  class=\"panel-grid panel-no-style\" ><div id=\"pgc-1518-1-0\"  class=\"panel-grid-cell\" ><div id=\"panel-1518-1-0-0\" class=\"so-panel widget widget_circleicon-widget panel-first-child panel-last-child\" data-index=\"1\" >\t\t<div class=\"circle-icon-box circle-icon-position-top circle-icon-hide-box circle-icon-size-large \">\n\t\t\t\t\t\t\t<div class=\"circle-icon-wrapper\">\n\t\t\t\t\t\t\t\t\t\t<a href=\"https:\/\/seguridadvial.neuquen.gov.ar\/?page_id=1619\" class=\"link-icon\" >\t\t\t\t\t<div class=\"circle-icon icon-style-set\" style=\"background-color: #19458d\">\n\t\t\t\t\t\t\t\t\t\t\t\t\t<div class=\"fa fa-snowflake-o\" style=\"color: #ffffff\"><\/div>\n\t\t\t\t\t\t\t\t\t\t\t<\/div> \n\t\t\t\t\t<\/a>\t\t\t\t<\/div>\n\t\t\t\n\t\t\t\t\t\t\t<a href=\"https:\/\/seguridadvial.neuquen.gov.ar\/?page_id=1619\" class=\"link-title\" >\n\t\t\t\t\t\t\t\t\t\t<h4 >\n\t\t\t\t\tOperativo Invierno\t\t\t\t<\/h4>\n\t\t\t\t\t\t\t\t\t\t<\/a>\n\t\t\t\n\t\t\t\t\t\t\t<p class=\"text\" >Acompa\u00f1amiento preventivo y seguro reforzando la presencia en rutas de la provincia del Neuqu\u00e9n en temporada invernal con el fin de evitar siniestros a causa de las fuertes nevadas.<\/p>\n\t\t\t\t\t\t\t\t\t\t<a href=\"https:\/\/seguridadvial.neuquen.gov.ar\/?page_id=1619\" class=\"more-button\" >Leer m\u00e1s <i><\/i><\/a>\n\t\t\t\t\t<\/div>\n\t\t<\/div><\/div><div id=\"pgc-1518-1-1\"  class=\"panel-grid-cell\" ><div id=\"panel-1518-1-1-0\" class=\"so-panel widget widget_circleicon-widget panel-first-child panel-last-child\" data-index=\"2\" >\t\t<div class=\"circle-icon-box circle-icon-position-top circle-icon-hide-box circle-icon-size-large \">\n\t\t\t\t\t\t\t<div class=\"circle-icon-wrapper\">\n\t\t\t\t\t\t\t\t\t\t<a href=\"http:\/\/seguridadvial.neuquen.gov.ar\/?page_id=702\" class=\"link-icon\" >\t\t\t\t\t<div class=\"circle-icon icon-style-set\" style=\"background-color: #19458d\">\n\t\t\t\t\t\t\t\t\t\t\t\t\t<div class=\"fa fa-sun-o\" ><\/div>\n\t\t\t\t\t\t\t\t\t\t\t<\/div> \n\t\t\t\t\t<\/a>\t\t\t\t<\/div>\n\t\t\t\n\t\t\t\t\t\t\t<a href=\"http:\/\/seguridadvial.neuquen.gov.ar\/?page_id=702\" class=\"link-title\" >\n\t\t\t\t\t\t\t\t\t\t<h4 >\n\t\t\t\t\tOperativo Pehu\u00e9n\t\t\t\t<\/h4>\n\t\t\t\t\t\t\t\t\t\t<\/a>\n\t\t\t\n\t\t\t\t\t\t\t<p class=\"text\" >Acompa\u00f1amiento preventivo y seguro en rutas de la provincia del Neuqu\u00e9n durante la temporada estival.<\/p>\n\t\t\t\t\t\t\t\t\t\t<a href=\"http:\/\/seguridadvial.neuquen.gov.ar\/?page_id=702\" class=\"more-button\" >Leer m\u00e1s <i><\/i><\/a>\n\t\t\t\t\t<\/div>\n\t\t<\/div><\/div><div id=\"pgc-1518-1-2\"  class=\"panel-grid-cell\" ><div id=\"panel-1518-1-2-0\" class=\"so-panel widget widget_circleicon-widget panel-first-child panel-last-child\" data-index=\"3\" >\t\t<div class=\"circle-icon-box circle-icon-position-top circle-icon-hide-box circle-icon-size-large \">\n\t\t\t\t\t\t\t<div class=\"circle-icon-wrapper\">\n\t\t\t\t\t\t\t\t\t\t<a href=\"http:\/\/seguridadvial.neuquen.gov.ar\/?page_id=47\" class=\"link-icon\" >\t\t\t\t\t<div class=\"circle-icon icon-style-set\" style=\"background-color: #19458d\">\n\t\t\t\t\t\t\t\t\t\t\t\t\t<div class=\"fa fa-road\" ><\/div>\n\t\t\t\t\t\t\t\t\t\t\t<\/div> \n\t\t\t\t\t<\/a>\t\t\t\t<\/div>\n\t\t\t\n\t\t\t\t\t\t\t<a href=\"http:\/\/seguridadvial.neuquen.gov.ar\/?page_id=47\" class=\"link-title\" >\n\t\t\t\t\t\t\t\t\t\t<h4 >\n\t\t\t\t\tTrashumancia\t\t\t\t<\/h4>\n\t\t\t\t\t\t\t\t\t\t<\/a>\n\t\t\t\n\t\t\t\t\t\t\t<p class=\"text\" >Un plan para resguardar nuestras tradiciones y prevenir accidentes en rutas provinciales en \u00e9poca de pastoreo de ganado.<\/p>\n\t\t\t\t\t\t\t\t\t\t<a href=\"http:\/\/seguridadvial.neuquen.gov.ar\/?page_id=47\" class=\"more-button\" >Leer m\u00e1s <i><\/i><\/a>\n\t\t\t\t\t<\/div>\n\t\t<\/div><\/div><\/div><div id=\"pg-1518-2\"  class=\"panel-grid panel-no-style\" ><div id=\"pgc-1518-2-0\"  class=\"panel-grid-cell\" ><div id=\"panel-1518-2-0-0\" class=\"so-panel widget widget_sow-post-carousel panel-first-child panel-last-child\" data-index=\"4\" ><div\n\t\t\t\n\t\t\tclass=\"so-widget-sow-post-carousel so-widget-sow-post-carousel-base-16185f985534-1518\"\n\t\t\t\n\t\t>\t<div\n\t\tclass=\"sow-post-carousel-wrapper sow-post-carousel-theme-base\"\n\t\tstyle=\"overflow: hidden; max-width: 100%; min-height: 182px\"\n\t>\n\t\t<div class=\"sow-carousel-title has-title\">\n\t<h3 class=\"widget-title\">\u00daltimas Noticias<\/h3>\t\t<div class=\"sow-carousel-navigation \">\n\t\t\t\t\t\t<a href=\"#\" class=\"sow-carousel-next\" title=\"Siguiente\" aria-label=\"Entradas siguientes\" role=\"button\"><\/a>\n\t\t\t\t\t\t<a href=\"#\" class=\"sow-carousel-previous\" title=\"Anterior\" aria-label=\"Entradas anteriores\" role=\"button\"><\/a>\n\t\t\t\t\t<\/div>\n\t<\/div>\n\n<div class=\"sow-carousel-container \">\n\t\t<div class=\"sow-carousel-wrapper\"\n\t\tdata-dir=\"ltr\"\n\t\tstyle=\"opacity: 0;\"\n\t\tdata-widget=\"post\" data-fetching=\"false\" data-page=\"1\" data-ajax-url=\"https:\/\/seguridadvial.neuquen.gov.ar\/wp-admin\/admin-ajax.php?_widgets_nonce=908fbd301d\" data-item_count=\"30\" data-carousel_settings=\"{&quot;loop&quot;:true,&quot;animation&quot;:&quot;Ease&quot;,&quot;animation_speed&quot;:400,&quot;autoplay&quot;:&quot;&quot;,&quot;pauseOnHover&quot;:&quot;&quot;,&quot;autoplaySpeed&quot;:8000,&quot;item_overflow&quot;:true,&quot;autoplay_continuous_scroll&quot;:false}\" data-responsive=\"{&quot;desktop_slides_to_scroll&quot;:1,&quot;tablet_landscape_breakpoint&quot;:1366,&quot;tablet_landscape_slides_to_scroll&quot;:2,&quot;tablet_portrait_breakpoint&quot;:1025,&quot;tablet_portrait_slides_to_scroll&quot;:2,&quot;mobile_breakpoint&quot;:480,&quot;mobile_slides_to_scroll&quot;:1}\" data-variable_width=\"true\" \t>\n\t\t<div\n\t\t\tclass=\"sow-carousel-items\"\n\t\t\t\t\t>\n\t\t\t\t<div class=\"sow-carousel-item\" tabindex=\"-1\" style=\"float: left;\">\n\t\t<div class=\"sow-carousel-thumbnail\">\n\t\t\t\t\t\t\t<a\n\t\t\t\t\thref=\"https:\/\/seguridadvial.neuquen.gov.ar\/?p=1331\"\n\t\t\t\t\t\t\t\t\t\tstyle=\"background-image: url( https:\/\/seguridadvial.neuquen.gov.ar\/wp-content\/uploads\/2013\/08\/Untitled.jpg )\"\n\t\t\t\t\taria-labelledby=\"sow-carousel-id-1331\"\n\t\t\t\t\ttabindex=\"-1\"\n\t\t\t\t>\n\t\t\t\t\t<span class=\"overlay\"><\/span>\n\t\t\t\t<\/a>\n\t\t\t\t\t<\/div>\n\t\t<h3 class=\"sow-carousel-item-title\">\n\t\t\t<a\n\t\t\t\thref=\"https:\/\/seguridadvial.neuquen.gov.ar\/?p=1331\"\n\t\t\t\tid=\"sow-carousel-id-1331\"\n\t\t\t\t\t\t\t\ttabindex=\"-1\"\n\t\t\t>\n\n\t\t\t\tOperativo Nieve &#8211; temporada invernal 2017\t\t\t<\/a>\n\t\t<\/h3>\n\t<\/div>\n\t\t<div class=\"sow-carousel-item\" tabindex=\"-1\" style=\"float: left;\">\n\t\t<div class=\"sow-carousel-thumbnail\">\n\t\t\t\t\t\t\t<a\n\t\t\t\t\thref=\"https:\/\/seguridadvial.neuquen.gov.ar\/?p=1288\"\n\t\t\t\t\t\t\t\t\t\tstyle=\"background-image: url( https:\/\/seguridadvial.neuquen.gov.ar\/wp-content\/uploads\/2017\/02\/2-1.jpg )\"\n\t\t\t\t\taria-labelledby=\"sow-carousel-id-1288\"\n\t\t\t\t\ttabindex=\"-1\"\n\t\t\t\t>\n\t\t\t\t\t<span class=\"overlay\"><\/span>\n\t\t\t\t<\/a>\n\t\t\t\t\t<\/div>\n\t\t<h3 class=\"sow-carousel-item-title\">\n\t\t\t<a\n\t\t\t\thref=\"https:\/\/seguridadvial.neuquen.gov.ar\/?p=1288\"\n\t\t\t\tid=\"sow-carousel-id-1288\"\n\t\t\t\t\t\t\t\ttabindex=\"-1\"\n\t\t\t>\n\n\t\t\t\tColaboraci\u00f3n a personal de Manejo del Fuego\t\t\t<\/a>\n\t\t<\/h3>\n\t<\/div>\n\t\t<div class=\"sow-carousel-item\" tabindex=\"-1\" style=\"float: left;\">\n\t\t<div class=\"sow-carousel-thumbnail\">\n\t\t\t\t\t\t\t<a\n\t\t\t\t\thref=\"https:\/\/seguridadvial.neuquen.gov.ar\/?p=1279\"\n\t\t\t\t\t\t\t\t\t\tstyle=\"background-image: url( https:\/\/seguridadvial.neuquen.gov.ar\/wp-content\/uploads\/2017\/02\/3.jpg )\"\n\t\t\t\t\taria-labelledby=\"sow-carousel-id-1279\"\n\t\t\t\t\ttabindex=\"-1\"\n\t\t\t\t>\n\t\t\t\t\t<span class=\"overlay\"><\/span>\n\t\t\t\t<\/a>\n\t\t\t\t\t<\/div>\n\t\t<h3 class=\"sow-carousel-item-title\">\n\t\t\t<a\n\t\t\t\thref=\"https:\/\/seguridadvial.neuquen.gov.ar\/?p=1279\"\n\t\t\t\tid=\"sow-carousel-id-1279\"\n\t\t\t\t\t\t\t\ttabindex=\"-1\"\n\t\t\t>\n\n\t\t\t\tOperativo San Sebasti\u00e1n\t\t\t<\/a>\n\t\t<\/h3>\n\t<\/div>\n\t\t<div class=\"sow-carousel-item\" tabindex=\"-1\" style=\"float: left;\">\n\t\t<div class=\"sow-carousel-thumbnail\">\n\t\t\t\t\t\t\t<a\n\t\t\t\t\thref=\"https:\/\/seguridadvial.neuquen.gov.ar\/?p=1250\"\n\t\t\t\t\t\t\t\t\t\tstyle=\"background-image: url( https:\/\/seguridadvial.neuquen.gov.ar\/wp-content\/uploads\/2017\/01\/FOTO-PRINCIPAL-1.jpg )\"\n\t\t\t\t\taria-labelledby=\"sow-carousel-id-1250\"\n\t\t\t\t\ttabindex=\"-1\"\n\t\t\t\t>\n\t\t\t\t\t<span class=\"overlay\"><\/span>\n\t\t\t\t<\/a>\n\t\t\t\t\t<\/div>\n\t\t<h3 class=\"sow-carousel-item-title\">\n\t\t\t<a\n\t\t\t\thref=\"https:\/\/seguridadvial.neuquen.gov.ar\/?p=1250\"\n\t\t\t\tid=\"sow-carousel-id-1250\"\n\t\t\t\t\t\t\t\ttabindex=\"-1\"\n\t\t\t>\n\n\t\t\t\tInforme de gesti\u00f3n 2016\t\t\t<\/a>\n\t\t<\/h3>\n\t<\/div>\n\t\t<div class=\"sow-carousel-item\" tabindex=\"-1\" style=\"float: left;\">\n\t\t<div class=\"sow-carousel-thumbnail\">\n\t\t\t\t\t\t\t<a\n\t\t\t\t\thref=\"https:\/\/seguridadvial.neuquen.gov.ar\/?p=1239\"\n\t\t\t\t\t\t\t\t\t\tstyle=\"background-image: url( https:\/\/seguridadvial.neuquen.gov.ar\/wp-content\/uploads\/2017\/01\/cabe.jpg )\"\n\t\t\t\t\taria-labelledby=\"sow-carousel-id-1239\"\n\t\t\t\t\ttabindex=\"-1\"\n\t\t\t\t>\n\t\t\t\t\t<span class=\"overlay\"><\/span>\n\t\t\t\t<\/a>\n\t\t\t\t\t<\/div>\n\t\t<h3 class=\"sow-carousel-item-title\">\n\t\t\t<a\n\t\t\t\thref=\"https:\/\/seguridadvial.neuquen.gov.ar\/?p=1239\"\n\t\t\t\tid=\"sow-carousel-id-1239\"\n\t\t\t\t\t\t\t\ttabindex=\"-1\"\n\t\t\t>\n\n\t\t\t\tAccidentes de tr\u00e1nsito: 15% menos de v\u00edctimas fatales en 2016\t\t\t<\/a>\n\t\t<\/h3>\n\t<\/div>\n\t\t<div class=\"sow-carousel-item\" tabindex=\"-1\" style=\"float: left;\">\n\t\t<div class=\"sow-carousel-thumbnail\">\n\t\t\t\t\t\t\t<a\n\t\t\t\t\thref=\"https:\/\/seguridadvial.neuquen.gov.ar\/?p=1202\"\n\t\t\t\t\t\t\t\t\t\tstyle=\"background-image: url( https:\/\/seguridadvial.neuquen.gov.ar\/wp-content\/uploads\/2016\/12\/2.jpg )\"\n\t\t\t\t\taria-labelledby=\"sow-carousel-id-1202\"\n\t\t\t\t\ttabindex=\"-1\"\n\t\t\t\t>\n\t\t\t\t\t<span class=\"overlay\"><\/span>\n\t\t\t\t<\/a>\n\t\t\t\t\t<\/div>\n\t\t<h3 class=\"sow-carousel-item-title\">\n\t\t\t<a\n\t\t\t\thref=\"https:\/\/seguridadvial.neuquen.gov.ar\/?p=1202\"\n\t\t\t\tid=\"sow-carousel-id-1202\"\n\t\t\t\t\t\t\t\ttabindex=\"-1\"\n\t\t\t>\n\n\t\t\t\tOperativo Trashumancia  2016\t\t\t<\/a>\n\t\t<\/h3>\n\t<\/div>\n\t\t<div class=\"sow-carousel-item\" tabindex=\"-1\" style=\"float: left;\">\n\t\t<div class=\"sow-carousel-thumbnail\">\n\t\t\t\t\t\t\t<a\n\t\t\t\t\thref=\"https:\/\/seguridadvial.neuquen.gov.ar\/?p=1186\"\n\t\t\t\t\t\t\t\t\t\tstyle=\"background-image: url( https:\/\/seguridadvial.neuquen.gov.ar\/wp-content\/uploads\/2016\/12\/2.jpeg )\"\n\t\t\t\t\taria-labelledby=\"sow-carousel-id-1186\"\n\t\t\t\t\ttabindex=\"-1\"\n\t\t\t\t>\n\t\t\t\t\t<span class=\"overlay\"><\/span>\n\t\t\t\t<\/a>\n\t\t\t\t\t<\/div>\n\t\t<h3 class=\"sow-carousel-item-title\">\n\t\t\t<a\n\t\t\t\thref=\"https:\/\/seguridadvial.neuquen.gov.ar\/?p=1186\"\n\t\t\t\tid=\"sow-carousel-id-1186\"\n\t\t\t\t\t\t\t\ttabindex=\"-1\"\n\t\t\t>\n\n\t\t\t\tExpo vial en el Paseo de la Costa\t\t\t<\/a>\n\t\t<\/h3>\n\t<\/div>\n\t\t<div class=\"sow-carousel-item\" tabindex=\"-1\" style=\"float: left;\">\n\t\t<div class=\"sow-carousel-thumbnail\">\n\t\t\t\t\t\t\t<a\n\t\t\t\t\thref=\"https:\/\/seguridadvial.neuquen.gov.ar\/?p=1191\"\n\t\t\t\t\t\t\t\t\t\tstyle=\"background-image: url( https:\/\/seguridadvial.neuquen.gov.ar\/wp-content\/uploads\/2016\/12\/DSC04584.jpg )\"\n\t\t\t\t\taria-labelledby=\"sow-carousel-id-1191\"\n\t\t\t\t\ttabindex=\"-1\"\n\t\t\t\t>\n\t\t\t\t\t<span class=\"overlay\"><\/span>\n\t\t\t\t<\/a>\n\t\t\t\t\t<\/div>\n\t\t<h3 class=\"sow-carousel-item-title\">\n\t\t\t<a\n\t\t\t\thref=\"https:\/\/seguridadvial.neuquen.gov.ar\/?p=1191\"\n\t\t\t\tid=\"sow-carousel-id-1191\"\n\t\t\t\t\t\t\t\ttabindex=\"-1\"\n\t\t\t>\n\n\t\t\t\tCierre Del proyecto \u00bb Juguemos Seguros con  Educaci\u00f3n Vial De Neuqu\u00e9n\u00bb\t\t\t<\/a>\n\t\t<\/h3>\n\t<\/div>\n\t\t<div class=\"sow-carousel-item\" tabindex=\"-1\" style=\"float: left;\">\n\t\t<div class=\"sow-carousel-thumbnail\">\n\t\t\t\t\t\t\t<a\n\t\t\t\t\thref=\"https:\/\/seguridadvial.neuquen.gov.ar\/?p=1162\"\n\t\t\t\t\t\t\t\t\t\tstyle=\"background-image: url( https:\/\/seguridadvial.neuquen.gov.ar\/wp-content\/uploads\/2016\/11\/WhatsApp-Image-2016-11-22-at-13.18.51-e1479834068141.jpeg )\"\n\t\t\t\t\taria-labelledby=\"sow-carousel-id-1162\"\n\t\t\t\t\ttabindex=\"-1\"\n\t\t\t\t>\n\t\t\t\t\t<span class=\"overlay\"><\/span>\n\t\t\t\t<\/a>\n\t\t\t\t\t<\/div>\n\t\t<h3 class=\"sow-carousel-item-title\">\n\t\t\t<a\n\t\t\t\thref=\"https:\/\/seguridadvial.neuquen.gov.ar\/?p=1162\"\n\t\t\t\tid=\"sow-carousel-id-1162\"\n\t\t\t\t\t\t\t\ttabindex=\"-1\"\n\t\t\t>\n\n\t\t\t\tAsistencia log\u00edstica en carrera \u00abYo Puedo y lo Hago\u00bb\t\t\t<\/a>\n\t\t<\/h3>\n\t<\/div>\n\t\t<div class=\"sow-carousel-item\" tabindex=\"-1\" style=\"float: left;\">\n\t\t<div class=\"sow-carousel-thumbnail\">\n\t\t\t\t\t\t\t<a\n\t\t\t\t\thref=\"https:\/\/seguridadvial.neuquen.gov.ar\/?p=1132\"\n\t\t\t\t\t\t\t\t\t\tstyle=\"background-image: url( https:\/\/seguridadvial.neuquen.gov.ar\/wp-content\/uploads\/2016\/11\/6-1.jpg )\"\n\t\t\t\t\taria-labelledby=\"sow-carousel-id-1132\"\n\t\t\t\t\ttabindex=\"-1\"\n\t\t\t\t>\n\t\t\t\t\t<span class=\"overlay\"><\/span>\n\t\t\t\t<\/a>\n\t\t\t\t\t<\/div>\n\t\t<h3 class=\"sow-carousel-item-title\">\n\t\t\t<a\n\t\t\t\thref=\"https:\/\/seguridadvial.neuquen.gov.ar\/?p=1132\"\n\t\t\t\tid=\"sow-carousel-id-1132\"\n\t\t\t\t\t\t\t\ttabindex=\"-1\"\n\t\t\t>\n\n\t\t\t\tConcientizaci\u00f3n Vial en el Centro de Neuqu\u00e9n\t\t\t<\/a>\n\t\t<\/h3>\n\t<\/div>\n\t\t\t<\/div>\n\t\t\t<\/div>\n\n\t<\/div>\n\t\t<input type=\"hidden\" name=\"instance_hash\" value=\"0b1e57af\"\/>\n\t<\/div>\n<\/div><\/div><\/div><\/div><\/div>","protected":false},"excerpt":{"rendered":"<p>Funciones Coordinar, impulsar y fiscalizar la implementaci\u00f3n de las pol\u00edticas y medidas estrat\u00e9gicas para en desarrollo de un tr\u00e1nsito seguro en todo el territorio de la Provincia del Neuqu\u00e9n. Operativo Invierno Acompa\u00f1amiento preventivo y seguro reforzando la presencia en rutas de la provincia del Neuqu\u00e9n en temporada invernal con el fin de evitar siniestros a [&hellip;]<\/p>\n","protected":false},"author":1,"featured_media":0,"parent":0,"menu_order":0,"comment_status":"closed","ping_status":"closed","template":"home-panels.php","meta":{"ngg_post_thumbnail":0,"footnotes":""},"class_list":["post-1518","page","type-page","status-publish","hentry","post"],"_links":{"self":[{"href":"https:\/\/seguridadvial.neuquen.gov.ar\/index.php?rest_route=\/wp\/v2\/pages\/1518","targetHints":{"allow":["GET"]}}],"collection":[{"href":"https:\/\/seguridadvial.neuquen.gov.ar\/index.php?rest_route=\/wp\/v2\/pages"}],"about":[{"href":"https:\/\/seguridadvial.neuquen.gov.ar\/index.php?rest_route=\/wp\/v2\/types\/page"}],"author":[{"embeddable":true,"href":"https:\/\/seguridadvial.neuquen.gov.ar\/index.php?rest_route=\/wp\/v2\/users\/1"}],"replies":[{"embeddable":true,"href":"https:\/\/seguridadvial.neuquen.gov.ar\/index.php?rest_route=%2Fwp%2Fv2%2Fcomments&post=1518"}],"version-history":[{"count":12,"href":"https:\/\/seguridadvial.neuquen.gov.ar\/index.php?rest_route=\/wp\/v2\/pages\/1518\/revisions"}],"predecessor-version":[{"id":1685,"href":"https:\/\/seguridadvial.neuquen.gov.ar\/index.php?rest_route=\/wp\/v2\/pages\/1518\/revisions\/1685"}],"wp:attachment":[{"href":"https:\/\/seguridadvial.neuquen.gov.ar\/index.php?rest_route=%2Fwp%2Fv2%2Fmedia&parent=1518"}],"curies":[{"name":"wp","href":"https:\/\/api.w.org\/{rel}","templated":true}]}}