{"id":31,"date":"2013-08-05T15:32:09","date_gmt":"2013-08-05T15:32:09","guid":{"rendered":"http:\/\/seguridadvial.neuquen.gov.ar\/?page_id=31"},"modified":"2017-08-31T16:26:52","modified_gmt":"2017-08-31T16:26:52","slug":"quienes-somos","status":"publish","type":"page","link":"https:\/\/seguridadvial.neuquen.gov.ar\/?page_id=31","title":{"rendered":"Manejo Defensivo"},"content":{"rendered":"<p><span style=\"color: #333333;\"><strong>Definici\u00f3n<br \/>\n<\/strong><\/span><\/p>\n<p><span style=\"color: #333333;\">Conducir a la defensiva es probablemente la mejor forma de garantizar su seguridad, la de sus pasajeros y la de su veh\u00edculo. La conducci\u00f3n defensiva se describe como la habilidad de ser capaz de operar un veh\u00edculo a motor en tal forma que reduce las posibilidades de estar involucrado en un siniestro vial.<\/span><\/p>\n<p><span style=\"color: #333333;\">La idea b\u00e1sica es simple, se trata de ser consciente y tomar unos pasos para evadir los peligros posibles cuando se viaja, en la pr\u00e1ctica, implica mucho m\u00e1s que eso. Lo primero se refiere a la capacidad que tiene la persona como conductor. Involucra entrenamiento para mejorar sus habilidades de control del veh\u00edculo, observaci\u00f3n, anticipaci\u00f3n, temperamento. Esta es la parte f\u00e1cil ya que usted tiene control total de su lado.<\/span><\/p>\n<p><span style=\"color: #333333;\">Lo segundo, aunque usted pueda ser capaz de controlar sus acciones en todo momento, virtualmente no tiene forma de controlar las acciones de otros conductores. As\u00ed que una amplia gama de t\u00e9cnicas defensivas se han desarrollado para permitirle hacer frente a todo lo que pueda suceder. Estas habilidades implican el estar alerta y listo para reaccionar ante los peligros que puede crear la carretera.<\/span><\/p>\n<p><span style=\"color: #333333;\">El objetivo es llegar a ser proactivo para que usted pueda evitar caer en situaciones peligrosas, en lugar de reaccionar a los peligros una vez que se desarrollan.<\/span><\/p>\n<p>&nbsp;<\/p>\n","protected":false},"excerpt":{"rendered":"<p>Definici\u00f3n Conducir a la defensiva es probablemente la mejor forma de garantizar su seguridad, la de sus pasajeros y la de su veh\u00edculo. La conducci\u00f3n defensiva se describe como la habilidad de ser capaz de operar un veh\u00edculo a motor en tal forma que reduce las posibilidades de estar involucrado en un siniestro vial. La [&hellip;]<\/p>\n","protected":false},"author":1,"featured_media":0,"parent":6,"menu_order":1,"comment_status":"closed","ping_status":"closed","template":"","meta":{"ngg_post_thumbnail":0,"footnotes":""},"class_list":["post-31","page","type-page","status-publish","hentry","post"],"_links":{"self":[{"href":"https:\/\/seguridadvial.neuquen.gov.ar\/index.php?rest_route=\/wp\/v2\/pages\/31","targetHints":{"allow":["GET"]}}],"collection":[{"href":"https:\/\/seguridadvial.neuquen.gov.ar\/index.php?rest_route=\/wp\/v2\/pages"}],"about":[{"href":"https:\/\/seguridadvial.neuquen.gov.ar\/index.php?rest_route=\/wp\/v2\/types\/page"}],"author":[{"embeddable":true,"href":"https:\/\/seguridadvial.neuquen.gov.ar\/index.php?rest_route=\/wp\/v2\/users\/1"}],"replies":[{"embeddable":true,"href":"https:\/\/seguridadvial.neuquen.gov.ar\/index.php?rest_route=%2Fwp%2Fv2%2Fcomments&post=31"}],"version-history":[{"count":16,"href":"https:\/\/seguridadvial.neuquen.gov.ar\/index.php?rest_route=\/wp\/v2\/pages\/31\/revisions"}],"predecessor-version":[{"id":1609,"href":"https:\/\/seguridadvial.neuquen.gov.ar\/index.php?rest_route=\/wp\/v2\/pages\/31\/revisions\/1609"}],"up":[{"embeddable":true,"href":"https:\/\/seguridadvial.neuquen.gov.ar\/index.php?rest_route=\/wp\/v2\/pages\/6"}],"wp:attachment":[{"href":"https:\/\/seguridadvial.neuquen.gov.ar\/index.php?rest_route=%2Fwp%2Fv2%2Fmedia&parent=31"}],"curies":[{"name":"wp","href":"https:\/\/api.w.org\/{rel}","templated":true}]}}