{"id":39,"date":"2013-08-05T15:38:33","date_gmt":"2013-08-05T15:38:33","guid":{"rendered":"http:\/\/seguridadvial.neuquen.gov.ar\/?page_id=39"},"modified":"2017-08-31T16:34:32","modified_gmt":"2017-08-31T16:34:32","slug":"consejos-de-manejo","status":"publish","type":"page","link":"https:\/\/seguridadvial.neuquen.gov.ar\/?page_id=39","title":{"rendered":"Consejos de Manejo"},"content":{"rendered":"<div><strong>Consejos para conducir de manera segura y evitar perder el control del veh\u00edculo o provocar un siniestro vial<\/strong><\/div>\n<div><strong>&nbsp;<\/strong><\/div>\n<ul>\n<li>Conducir en la posici\u00f3n correcta y acomodar los espejos de manera dominar la vista lateral y posterior del auto.<\/li>\n<li>&nbsp;Controlar el nivel de combustible, y que no marque menos de un cuarto.<\/li>\n<li>Nunca manejar cansado o con sue\u00f1o.<\/li>\n<li>De realizar viajes largos tratar de que sea acompa\u00f1ado, ayudar\u00e1 a amenizar el viaje.<\/li>\n<li>Nunca conducir por lugares oscuros o desconocidos.<\/li>\n<li>Si el veh\u00edculo que intenta adelantar acelera, d\u00e9jelo ir. Podr\u00eda quedar involucrado en un siniestro vial.<\/li>\n<li>Si va a adelantar un veh\u00edculo, cruzar una avenida principal o incorporarse a carriles de alta velocidad, no tomar riesgos innecesarios, hacerlo de forma segura.<\/li>\n<li>Si va a conducir por un tiempo prolongado, tratar de descansar por lo menos cada 160 kil\u00f3metros.<\/li>\n<li>Mantener una distancia prudente con el veh\u00edculo que le precede.<\/li>\n<li>Manejar a una velocidad moderada bajo la lluvia.<\/li>\n<li>No conducir a exceso de velocidad.<\/li>\n<li>Nunca manejar en estado de ebriedad o bajo los efectos de medicamentos.<\/li>\n<li>Respetar las se\u00f1ales de tr\u00e1nsito.<\/li>\n<li>Si maneja de noche o bajo la lluvia, encender las luces para que los dem\u00e1s conductores puedan verlo.<\/li>\n<li>Llevar las herramientas necesarias para una situaci\u00f3n imprevista o un cambio de rueda (llave de cruz, linterna, balizas, rueda de auxilio, matafuego, pinzas, destornillador, etc).<\/li>\n<li>Manejar cuidadosamente cuando las condiciones del camino no sean \u00f3ptimas o no est\u00e9n en buen estado.<\/li>\n<\/ul>\n","protected":false},"excerpt":{"rendered":"<p>Consejos para conducir de manera segura y evitar perder el control del veh\u00edculo o provocar un siniestro vial &nbsp; Conducir en la posici\u00f3n correcta y acomodar los espejos de manera dominar la vista lateral y posterior del auto. &nbsp;Controlar el nivel de combustible, y que no marque menos de un cuarto. Nunca manejar cansado o [&hellip;]<\/p>\n","protected":false},"author":1,"featured_media":0,"parent":6,"menu_order":5,"comment_status":"closed","ping_status":"closed","template":"","meta":{"ngg_post_thumbnail":0,"footnotes":""},"class_list":["post-39","page","type-page","status-publish","hentry","post"],"_links":{"self":[{"href":"https:\/\/seguridadvial.neuquen.gov.ar\/index.php?rest_route=\/wp\/v2\/pages\/39","targetHints":{"allow":["GET"]}}],"collection":[{"href":"https:\/\/seguridadvial.neuquen.gov.ar\/index.php?rest_route=\/wp\/v2\/pages"}],"about":[{"href":"https:\/\/seguridadvial.neuquen.gov.ar\/index.php?rest_route=\/wp\/v2\/types\/page"}],"author":[{"embeddable":true,"href":"https:\/\/seguridadvial.neuquen.gov.ar\/index.php?rest_route=\/wp\/v2\/users\/1"}],"replies":[{"embeddable":true,"href":"https:\/\/seguridadvial.neuquen.gov.ar\/index.php?rest_route=%2Fwp%2Fv2%2Fcomments&post=39"}],"version-history":[{"count":5,"href":"https:\/\/seguridadvial.neuquen.gov.ar\/index.php?rest_route=\/wp\/v2\/pages\/39\/revisions"}],"predecessor-version":[{"id":1614,"href":"https:\/\/seguridadvial.neuquen.gov.ar\/index.php?rest_route=\/wp\/v2\/pages\/39\/revisions\/1614"}],"up":[{"embeddable":true,"href":"https:\/\/seguridadvial.neuquen.gov.ar\/index.php?rest_route=\/wp\/v2\/pages\/6"}],"wp:attachment":[{"href":"https:\/\/seguridadvial.neuquen.gov.ar\/index.php?rest_route=%2Fwp%2Fv2%2Fmedia&parent=39"}],"curies":[{"name":"wp","href":"https:\/\/api.w.org\/{rel}","templated":true}]}}