{"id":6,"date":"2013-08-05T14:07:27","date_gmt":"2013-08-05T14:07:27","guid":{"rendered":"http:\/\/seguridadvial.neuquen.gov.ar\/?page_id=6"},"modified":"2021-03-11T14:58:43","modified_gmt":"2021-03-11T14:58:43","slug":"seguridad-vial","status":"publish","type":"page","link":"https:\/\/seguridadvial.neuquen.gov.ar\/?page_id=6","title":{"rendered":"Seguridad Vial"},"content":{"rendered":"<p><em><strong>La Direcci\u00f3n Provincial de Seguridad Vial<\/strong><\/em> realiza tareas de capacitaci\u00f3n en escuelas, colegios y centros educacionales.<\/p>\n<p><em><strong>Operativo de Prevenci\u00f3n en rutas nacionales y provinciales.<\/strong><\/em><\/p>\n<p>Tanto en los Operativos <em><strong>PEHU\u00c9N, INVIERNO y TRASHUMANCIA<\/strong><\/em> las cuales incluye reparto de folleter\u00eda a los turistas en los principales accesos a los centros tur\u00edsticos. Como as\u00ed tambi\u00e9n operativos de control de <em><strong>ALCOHOLEMIA <\/strong><\/em>en todo el territorio provincial.<\/p>\n<p>Esta Direcci\u00f3n es la autoridad de aplicaci\u00f3n de las pol\u00edticas y medidas de seguridad vial nacionales previstas en la normativa vigente en la materia.<\/p>\n<p><strong>Funciones<\/strong><\/p>\n<ul>\n<li>Coordinar, impulsar y fiscalizar la implementaci\u00f3n de las pol\u00edticas y medidas estrat\u00e9gicas para en desarrollo de un tr\u00e1nsito seguro en todo el territorio Provincial.<\/li>\n<li>Propiciar la actualizaci\u00f3n de la normativa en materia de seguridad vial.<\/li>\n<li>Proponer modificaciones tendientes a la armonizaci\u00f3n de la normativa vigente.<\/li>\n<li>Evaluar permanentemente la efectividad de las normas t\u00e9cnicas y legales.<\/li>\n<li>Establecer las caracter\u00edsticas y procedimientos de otorgamiento, emisi\u00f3n e impresi\u00f3n de la licencia de conducir nacional.<\/li>\n<li>Establecer en todo el territorio Provincial de Registro de las Licencias Nacionales de Conducir; y el Registro Nacional de Antecedentes de Tr\u00e1nsito.<\/li>\n<li>Establecer en el Registro de Estad\u00edsticas en Seguridad Vial.<\/li>\n<li>Colaborar con los informes del Registro Nacional de Antecedentes de Tr\u00e1nsito, como requisito para gestionar la Licencia Nacional de Conducir, la transferencia de veh\u00edculos, con los organismos que otorguen la referida documentaci\u00f3n.<\/li>\n<li>Elaborar, coordinar, supervisar y ejecutar un programa anual de control efectivo del tr\u00e1nsito para el eficaz cumplimiento de la ley, encontr\u00e1ndonos facultados a consultar, requerir la asistencia, colaboraci\u00f3n y opini\u00f3n de organismos relacionados con la materia.<\/li>\n<li>Fomentar la investigaci\u00f3n de siniestros de tr\u00e1nsito, planificando las pol\u00edticas estrat\u00e9gicas de la adopci\u00f3n de las medidas preventivas pertinentes y promoviendo la implementaci\u00f3n de las mismas, por intermedio del Observatorio Permanente en Seguridad Vial, a crearse conforme el art\u00edculo 18 de la Ley 26363.<\/li>\n<li>Realizar recomendaciones a los distintos organismos vinculados a la problem\u00e1tica de la seguridad vial en materia de seguridad de los veh\u00edculos, infraestructura, se\u00f1alizaci\u00f3n vial y cualquier otra que establezca la reglamentaci\u00f3n.<\/li>\n<li>Organizar y dictar cursos y seminarios de capacitaci\u00f3n a t\u00e9cnicos y funcionarios provinciales y locales cuyo desempe\u00f1o se vincule o pueda vincularse con la seguridad vial.<\/li>\n<li>Elaborar campa\u00f1as de concientizaci\u00f3n, en seguridad vial y coordinar la colaboraci\u00f3n, con los organismos y jurisdicciones Provinciales y locales competentes en la materia, en la elaboraci\u00f3n de campa\u00f1as de educaci\u00f3n vial destinadas a la prevenci\u00f3n de siniestros viales.<\/li>\n<\/ul>\n<p>&nbsp;<\/p>\n<p>&nbsp;<\/p>\n","protected":false},"excerpt":{"rendered":"<p>La Direcci\u00f3n Provincial de Seguridad Vial realiza tareas de capacitaci\u00f3n en escuelas, colegios y centros educacionales. Operativo de Prevenci\u00f3n en rutas nacionales y provinciales. Tanto en los Operativos PEHU\u00c9N, INVIERNO y TRASHUMANCIA las cuales incluye reparto de folleter\u00eda a los turistas en los principales accesos a los centros tur\u00edsticos. Como as\u00ed tambi\u00e9n operativos de control [&hellip;]<\/p>\n","protected":false},"author":1,"featured_media":0,"parent":0,"menu_order":1,"comment_status":"closed","ping_status":"closed","template":"","meta":{"ngg_post_thumbnail":0,"footnotes":""},"class_list":["post-6","page","type-page","status-publish","hentry","post"],"_links":{"self":[{"href":"https:\/\/seguridadvial.neuquen.gov.ar\/index.php?rest_route=\/wp\/v2\/pages\/6","targetHints":{"allow":["GET"]}}],"collection":[{"href":"https:\/\/seguridadvial.neuquen.gov.ar\/index.php?rest_route=\/wp\/v2\/pages"}],"about":[{"href":"https:\/\/seguridadvial.neuquen.gov.ar\/index.php?rest_route=\/wp\/v2\/types\/page"}],"author":[{"embeddable":true,"href":"https:\/\/seguridadvial.neuquen.gov.ar\/index.php?rest_route=\/wp\/v2\/users\/1"}],"replies":[{"embeddable":true,"href":"https:\/\/seguridadvial.neuquen.gov.ar\/index.php?rest_route=%2Fwp%2Fv2%2Fcomments&post=6"}],"version-history":[{"count":11,"href":"https:\/\/seguridadvial.neuquen.gov.ar\/index.php?rest_route=\/wp\/v2\/pages\/6\/revisions"}],"predecessor-version":[{"id":1695,"href":"https:\/\/seguridadvial.neuquen.gov.ar\/index.php?rest_route=\/wp\/v2\/pages\/6\/revisions\/1695"}],"wp:attachment":[{"href":"https:\/\/seguridadvial.neuquen.gov.ar\/index.php?rest_route=%2Fwp%2Fv2%2Fmedia&parent=6"}],"curies":[{"name":"wp","href":"https:\/\/api.w.org\/{rel}","templated":true}]}}